{"id":2,"date":"2025-08-18T09:18:40","date_gmt":"2025-08-18T09:18:40","guid":{"rendered":"https:\/\/naturarantz.rkinformatika.online\/?page_id=2"},"modified":"2025-08-21T08:35:57","modified_gmt":"2025-08-21T08:35:57","slug":"inicio","status":"publish","type":"page","link":"https:\/\/naturarantz.com\/eu\/","title":{"rendered":"Hasiera"},"content":{"rendered":"\t\t<div data-elementor-type=\"wp-page\" data-elementor-id=\"2\" class=\"elementor elementor-2\" data-elementor-post-type=\"page\">\n\t\t\t\t\t\t<section class=\"elementor-section elementor-top-section elementor-element elementor-element-fc0c114 elementor-section-full_width elementor-section-height-default elementor-section-height-default\" data-id=\"fc0c114\" data-element_type=\"section\" data-e-type=\"section\" data-settings=\"{&quot;background_background&quot;:&quot;classic&quot;,&quot;background_motion_fx_motion_fx_scrolling&quot;:&quot;yes&quot;,&quot;background_motion_fx_devices&quot;:[&quot;desktop&quot;,&quot;tablet&quot;,&quot;mobile&quot;]}\">\n\t\t\t\t\t\t\t<div class=\"elementor-background-overlay\"><\/div>\n\t\t\t\t\t\t\t<div class=\"elementor-container elementor-column-gap-default\">\n\t\t\t\t\t<div class=\"elementor-column elementor-col-100 elementor-top-column elementor-element elementor-element-9bf6fd6\" data-id=\"9bf6fd6\" data-element_type=\"column\" data-e-type=\"column\">\n\t\t\t<div class=\"elementor-widget-wrap elementor-element-populated\">\n\t\t\t\t\t\t<div class=\"elementor-element elementor-element-427dc04 elementor-invisible elementor-widget elementor-widget-heading\" data-id=\"427dc04\" data-element_type=\"widget\" data-e-type=\"widget\" data-settings=\"{&quot;_animation&quot;:&quot;fadeIn&quot;}\" data-widget_type=\"heading.default\">\n\t\t\t\t\t<h1 class=\"elementor-heading-title elementor-size-default\">Naturarantz<\/h1>\t\t\t\t<\/div>\n\t\t\t\t<section class=\"elementor-section elementor-inner-section elementor-element elementor-element-d3d59c1 elementor-section-boxed elementor-section-height-default elementor-section-height-default\" data-id=\"d3d59c1\" data-element_type=\"section\" data-e-type=\"section\">\n\t\t\t\t\t\t<div class=\"elementor-container elementor-column-gap-default\">\n\t\t\t\t\t<div class=\"elementor-column elementor-col-100 elementor-inner-column elementor-element elementor-element-cfda5ab\" data-id=\"cfda5ab\" data-element_type=\"column\" data-e-type=\"column\">\n\t\t\t<div class=\"elementor-widget-wrap elementor-element-populated\">\n\t\t\t\t\t\t<div class=\"elementor-element elementor-element-85c1e73 elementor-invisible elementor-widget elementor-widget-text-editor\" data-id=\"85c1e73\" data-element_type=\"widget\" data-e-type=\"widget\" data-settings=\"{&quot;_animation&quot;:&quot;fadeIn&quot;}\" data-widget_type=\"text-editor.default\">\n\t\t\t\t\t\t\t\t\t<p>Bienestar animal con productos de calidad<\/p>\t\t\t\t\t\t\t\t<\/div>\n\t\t\t\t\t<\/div>\n\t\t<\/div>\n\t\t\t\t\t<\/div>\n\t\t<\/section>\n\t\t\t\t\t<\/div>\n\t\t<\/div>\n\t\t\t\t\t<\/div>\n\t\t<\/section>\n\t\t\t\t<section class=\"elementor-section elementor-top-section elementor-element elementor-element-f1cd23b elementor-section-boxed elementor-section-height-default elementor-section-height-default\" data-id=\"f1cd23b\" data-element_type=\"section\" data-e-type=\"section\" data-settings=\"{&quot;background_background&quot;:&quot;classic&quot;}\">\n\t\t\t\t\t\t<div class=\"elementor-container elementor-column-gap-no\">\n\t\t\t\t\t<div class=\"elementor-column elementor-col-50 elementor-top-column elementor-element elementor-element-4815b2d\" data-id=\"4815b2d\" data-element_type=\"column\" data-e-type=\"column\">\n\t\t\t<div class=\"elementor-widget-wrap elementor-element-populated\">\n\t\t\t\t\t\t<div class=\"elementor-element elementor-element-3469551 elementor-invisible elementor-widget elementor-widget-heading\" data-id=\"3469551\" data-element_type=\"widget\" data-e-type=\"widget\" data-settings=\"{&quot;_animation&quot;:&quot;fadeInLeft&quot;}\" data-widget_type=\"heading.default\">\n\t\t\t\t\t<h2 class=\"elementor-heading-title elementor-size-default\">Sobre nosotros<\/h2>\t\t\t\t<\/div>\n\t\t\t\t<div class=\"elementor-element elementor-element-0e092ce elementor-widget elementor-widget-text-editor\" data-id=\"0e092ce\" data-element_type=\"widget\" data-e-type=\"widget\" data-widget_type=\"text-editor.default\">\n\t\t\t\t\t\t\t\t\t<p>En Naturarantz nos apasionan los animales y creemos que merecen lo mejor. Desde Barakaldo trabajamos para ofrecerte alimentaci\u00f3n de calidad, complementos \u00fatiles y servicios de cuidado para que tu compa\u00f1ero peludo viva feliz y sano.<\/p>\n<p><br data-start=\"649\" data-end=\"652\" \/>Nuestro objetivo es ser tu tienda de confianza, donde siempre encuentres cercan\u00eda, asesoramiento y productos que marcan la diferencia. Clientes y mascotas ya nos conocen como una tienda de barrio con alma, donde cada visita es especial.<\/p>\t\t\t\t\t\t\t\t<\/div>\n\t\t\t\t\t<\/div>\n\t\t<\/div>\n\t\t\t\t<div class=\"elementor-column elementor-col-50 elementor-top-column elementor-element elementor-element-d9239fc\" data-id=\"d9239fc\" data-element_type=\"column\" data-e-type=\"column\" data-settings=\"{&quot;background_background&quot;:&quot;classic&quot;}\">\n\t\t\t<div class=\"elementor-widget-wrap elementor-element-populated\">\n\t\t\t\t\t\t<div class=\"elementor-element elementor-element-4c69453 elementor-widget elementor-widget-image\" data-id=\"4c69453\" data-element_type=\"widget\" data-e-type=\"widget\" data-widget_type=\"image.default\">\n\t\t\t\t\t\t\t\t\t\t\t\t\t\t\t<img fetchpriority=\"high\" decoding=\"async\" width=\"1500\" height=\"1125\" src=\"https:\/\/naturarantz.com\/wp-content\/uploads\/2025\/08\/7157.jpg\" class=\"attachment-full size-full wp-image-168\" alt=\"\" srcset=\"https:\/\/naturarantz.com\/wp-content\/uploads\/2025\/08\/7157.jpg 1500w, https:\/\/naturarantz.com\/wp-content\/uploads\/2025\/08\/7157-300x225.jpg 300w, https:\/\/naturarantz.com\/wp-content\/uploads\/2025\/08\/7157-1024x768.jpg 1024w, https:\/\/naturarantz.com\/wp-content\/uploads\/2025\/08\/7157-768x576.jpg 768w, https:\/\/naturarantz.com\/wp-content\/uploads\/2025\/08\/7157-16x12.jpg 16w\" sizes=\"(max-width: 1500px) 100vw, 1500px\" \/>\t\t\t\t\t\t\t\t\t\t\t\t\t\t\t<\/div>\n\t\t\t\t\t<\/div>\n\t\t<\/div>\n\t\t\t\t\t<\/div>\n\t\t<\/section>\n\t\t\t\t<section class=\"elementor-section elementor-top-section elementor-element elementor-element-b6781ac elementor-section-boxed elementor-section-height-default elementor-section-height-default\" data-id=\"b6781ac\" data-element_type=\"section\" data-e-type=\"section\" data-settings=\"{&quot;background_background&quot;:&quot;classic&quot;}\">\n\t\t\t\t\t\t\t<div class=\"elementor-background-overlay\"><\/div>\n\t\t\t\t\t\t\t<div class=\"elementor-container elementor-column-gap-no\">\n\t\t\t\t\t<div class=\"elementor-column elementor-col-100 elementor-top-column elementor-element elementor-element-8a10350\" data-id=\"8a10350\" data-element_type=\"column\" data-e-type=\"column\">\n\t\t\t<div class=\"elementor-widget-wrap elementor-element-populated\">\n\t\t\t\t\t\t<section class=\"elementor-section elementor-inner-section elementor-element elementor-element-7fc97e8 elementor-section-full_width elementor-section-height-default elementor-section-height-default\" data-id=\"7fc97e8\" data-element_type=\"section\" data-e-type=\"section\">\n\t\t\t\t\t\t<div class=\"elementor-container elementor-column-gap-no\">\n\t\t\t\t\t<div class=\"elementor-column elementor-col-100 elementor-inner-column elementor-element elementor-element-0e8747f\" data-id=\"0e8747f\" data-element_type=\"column\" data-e-type=\"column\">\n\t\t\t<div class=\"elementor-widget-wrap elementor-element-populated\">\n\t\t\t\t\t\t<div class=\"elementor-element elementor-element-a12d25a elementor-widget elementor-widget-heading\" data-id=\"a12d25a\" data-element_type=\"widget\" data-e-type=\"widget\" data-widget_type=\"heading.default\">\n\t\t\t\t\t<h2 class=\"elementor-heading-title elementor-size-default\">La tienda de barrio con alma, para tus compa\u00f1eros de vida.<\/h2>\t\t\t\t<\/div>\n\t\t\t\t<div class=\"elementor-element elementor-element-39bce92 elementor-align-center elementor-widget elementor-widget-button\" data-id=\"39bce92\" data-element_type=\"widget\" data-e-type=\"widget\" data-widget_type=\"button.default\">\n\t\t\t\t\t\t\t\t\t\t<a class=\"elementor-button elementor-button-link elementor-size-sm\" href=\"https:\/\/naturarantz.com\/productos\/\">\n\t\t\t\t\t\t<span class=\"elementor-button-content-wrapper\">\n\t\t\t\t\t\t\t\t\t<span class=\"elementor-button-text\">Productos<\/span>\n\t\t\t\t\t<\/span>\n\t\t\t\t\t<\/a>\n\t\t\t\t\t\t\t\t<\/div>\n\t\t\t\t\t<\/div>\n\t\t<\/div>\n\t\t\t\t\t<\/div>\n\t\t<\/section>\n\t\t\t\t\t<\/div>\n\t\t<\/div>\n\t\t\t\t\t<\/div>\n\t\t<\/section>\n\t\t<div class=\"elementor-element elementor-element-25a0016 e-flex e-con-boxed e-con e-parent\" data-id=\"25a0016\" data-element_type=\"container\" data-e-type=\"container\">\n\t\t\t\t\t<div class=\"e-con-inner\">\n\t\t\t\t<div class=\"elementor-element elementor-element-1563d08 elementor-widget elementor-widget-heading\" data-id=\"1563d08\" data-element_type=\"widget\" data-e-type=\"widget\" data-widget_type=\"heading.default\">\n\t\t\t\t\t<h2 class=\"elementor-heading-title elementor-size-default\">Nuestra Tienda<\/h2>\t\t\t\t<\/div>\n\t\t\t\t\t<\/div>\n\t\t\t\t<\/div>\n\t\t<div class=\"elementor-element elementor-element-9826d17 e-flex e-con-boxed e-con e-parent\" data-id=\"9826d17\" data-element_type=\"container\" data-e-type=\"container\">\n\t\t\t\t\t<div class=\"e-con-inner\">\n\t\t\t\t<div class=\"elementor-element elementor-element-49d16f8 elementor-widget elementor-widget-gallery\" data-id=\"49d16f8\" data-element_type=\"widget\" data-e-type=\"widget\" data-settings=\"{&quot;gallery_layout&quot;:&quot;justified&quot;,&quot;ideal_row_height&quot;:{&quot;unit&quot;:&quot;px&quot;,&quot;size&quot;:270,&quot;sizes&quot;:[]},&quot;ideal_row_height_tablet&quot;:{&quot;unit&quot;:&quot;px&quot;,&quot;size&quot;:200,&quot;sizes&quot;:[]},&quot;ideal_row_height_mobile&quot;:{&quot;unit&quot;:&quot;px&quot;,&quot;size&quot;:175,&quot;sizes&quot;:[]},&quot;lazyload&quot;:&quot;yes&quot;,&quot;gap&quot;:{&quot;unit&quot;:&quot;px&quot;,&quot;size&quot;:10,&quot;sizes&quot;:[]},&quot;gap_tablet&quot;:{&quot;unit&quot;:&quot;px&quot;,&quot;size&quot;:10,&quot;sizes&quot;:[]},&quot;gap_mobile&quot;:{&quot;unit&quot;:&quot;px&quot;,&quot;size&quot;:10,&quot;sizes&quot;:[]},&quot;link_to&quot;:&quot;file&quot;,&quot;overlay_background&quot;:&quot;yes&quot;,&quot;content_hover_animation&quot;:&quot;fade-in&quot;}\" data-widget_type=\"gallery.default\">\n\t\t\t\t\t\t\t<div class=\"elementor-gallery__container\">\n\t\t\t\t\t\t\t<a class=\"e-gallery-item elementor-gallery-item elementor-animated-content\" href=\"https:\/\/naturarantz.com\/wp-content\/uploads\/2025\/08\/WhatsApp-Image-2025-07-04-at-18.20.25-RK-Desarrollo-web-y-Redes-sociales.jpeg\" data-elementor-open-lightbox=\"yes\" data-elementor-lightbox-slideshow=\"49d16f8\" data-elementor-lightbox-title=\"WhatsApp Image 2025-07-04 at 18.20.25 - RK Desarrollo web y Redes sociales\" data-e-action-hash=\"#elementor-action%3Aaction%3Dlightbox%26settings%3DeyJpZCI6MjUyLCJ1cmwiOiJodHRwczpcL1wvbmF0dXJhcmFudHouY29tXC93cC1jb250ZW50XC91cGxvYWRzXC8yMDI1XC8wOFwvV2hhdHNBcHAtSW1hZ2UtMjAyNS0wNy0wNC1hdC0xOC4yMC4yNS1SSy1EZXNhcnJvbGxvLXdlYi15LVJlZGVzLXNvY2lhbGVzLmpwZWciLCJzbGlkZXNob3ciOiI0OWQxNmY4In0%3D\">\n\t\t\t\t\t<div class=\"e-gallery-image elementor-gallery-item__image\" data-thumbnail=\"https:\/\/naturarantz.com\/wp-content\/uploads\/2025\/08\/WhatsApp-Image-2025-07-04-at-18.20.25-RK-Desarrollo-web-y-Redes-sociales-768x1024.jpeg\" data-width=\"768\" data-height=\"1024\" aria-label=\"\" role=\"img\" ><\/div>\n\t\t\t\t\t\t\t\t\t\t\t<div class=\"elementor-gallery-item__overlay\"><\/div>\n\t\t\t\t\t\t\t\t\t\t\t\t\t\t<\/a>\n\t\t\t\t\t\t\t<a class=\"e-gallery-item elementor-gallery-item elementor-animated-content\" href=\"https:\/\/naturarantz.com\/wp-content\/uploads\/2025\/08\/WhatsApp-Image-2025-07-04-at-18.19.43-RK-Desarrollo-web-y-Redes-sociales.jpeg\" data-elementor-open-lightbox=\"yes\" data-elementor-lightbox-slideshow=\"49d16f8\" data-elementor-lightbox-title=\"WhatsApp Image 2025-07-04 at 18.19.43 - RK Desarrollo web y Redes sociales\" data-e-action-hash=\"#elementor-action%3Aaction%3Dlightbox%26settings%3DeyJpZCI6MjUzLCJ1cmwiOiJodHRwczpcL1wvbmF0dXJhcmFudHouY29tXC93cC1jb250ZW50XC91cGxvYWRzXC8yMDI1XC8wOFwvV2hhdHNBcHAtSW1hZ2UtMjAyNS0wNy0wNC1hdC0xOC4xOS40My1SSy1EZXNhcnJvbGxvLXdlYi15LVJlZGVzLXNvY2lhbGVzLmpwZWciLCJzbGlkZXNob3ciOiI0OWQxNmY4In0%3D\">\n\t\t\t\t\t<div class=\"e-gallery-image elementor-gallery-item__image\" data-thumbnail=\"https:\/\/naturarantz.com\/wp-content\/uploads\/2025\/08\/WhatsApp-Image-2025-07-04-at-18.19.43-RK-Desarrollo-web-y-Redes-sociales-768x1024.jpeg\" data-width=\"768\" data-height=\"1024\" aria-label=\"\" role=\"img\" ><\/div>\n\t\t\t\t\t\t\t\t\t\t\t<div class=\"elementor-gallery-item__overlay\"><\/div>\n\t\t\t\t\t\t\t\t\t\t\t\t\t\t<\/a>\n\t\t\t\t\t\t\t<a class=\"e-gallery-item elementor-gallery-item elementor-animated-content\" href=\"https:\/\/naturarantz.com\/wp-content\/uploads\/2025\/08\/WhatsApp-Image-2025-07-04-at-18.19.03-RK-Desarrollo-web-y-Redes-sociales.jpeg\" data-elementor-open-lightbox=\"yes\" data-elementor-lightbox-slideshow=\"49d16f8\" data-elementor-lightbox-title=\"WhatsApp Image 2025-07-04 at 18.19.03 - RK Desarrollo web y Redes sociales\" data-e-action-hash=\"#elementor-action%3Aaction%3Dlightbox%26settings%3DeyJpZCI6MjU0LCJ1cmwiOiJodHRwczpcL1wvbmF0dXJhcmFudHouY29tXC93cC1jb250ZW50XC91cGxvYWRzXC8yMDI1XC8wOFwvV2hhdHNBcHAtSW1hZ2UtMjAyNS0wNy0wNC1hdC0xOC4xOS4wMy1SSy1EZXNhcnJvbGxvLXdlYi15LVJlZGVzLXNvY2lhbGVzLmpwZWciLCJzbGlkZXNob3ciOiI0OWQxNmY4In0%3D\">\n\t\t\t\t\t<div class=\"e-gallery-image elementor-gallery-item__image\" data-thumbnail=\"https:\/\/naturarantz.com\/wp-content\/uploads\/2025\/08\/WhatsApp-Image-2025-07-04-at-18.19.03-RK-Desarrollo-web-y-Redes-sociales-768x1024.jpeg\" data-width=\"768\" data-height=\"1024\" aria-label=\"\" role=\"img\" ><\/div>\n\t\t\t\t\t\t\t\t\t\t\t<div class=\"elementor-gallery-item__overlay\"><\/div>\n\t\t\t\t\t\t\t\t\t\t\t\t\t\t<\/a>\n\t\t\t\t\t\t\t<a class=\"e-gallery-item elementor-gallery-item elementor-animated-content\" href=\"https:\/\/naturarantz.com\/wp-content\/uploads\/2025\/08\/WhatsApp-Image-2025-07-04-at-18.18.11-RK-Desarrollo-web-y-Redes-sociales.jpeg\" data-elementor-open-lightbox=\"yes\" data-elementor-lightbox-slideshow=\"49d16f8\" data-elementor-lightbox-title=\"WhatsApp Image 2025-07-04 at 18.18.11 - RK Desarrollo web y Redes sociales\" data-e-action-hash=\"#elementor-action%3Aaction%3Dlightbox%26settings%3DeyJpZCI6MjU1LCJ1cmwiOiJodHRwczpcL1wvbmF0dXJhcmFudHouY29tXC93cC1jb250ZW50XC91cGxvYWRzXC8yMDI1XC8wOFwvV2hhdHNBcHAtSW1hZ2UtMjAyNS0wNy0wNC1hdC0xOC4xOC4xMS1SSy1EZXNhcnJvbGxvLXdlYi15LVJlZGVzLXNvY2lhbGVzLmpwZWciLCJzbGlkZXNob3ciOiI0OWQxNmY4In0%3D\">\n\t\t\t\t\t<div class=\"e-gallery-image elementor-gallery-item__image\" data-thumbnail=\"https:\/\/naturarantz.com\/wp-content\/uploads\/2025\/08\/WhatsApp-Image-2025-07-04-at-18.18.11-RK-Desarrollo-web-y-Redes-sociales-768x1024.jpeg\" data-width=\"768\" data-height=\"1024\" aria-label=\"\" role=\"img\" ><\/div>\n\t\t\t\t\t\t\t\t\t\t\t<div class=\"elementor-gallery-item__overlay\"><\/div>\n\t\t\t\t\t\t\t\t\t\t\t\t\t\t<\/a>\n\t\t\t\t\t<\/div>\n\t\t\t\t\t<\/div>\n\t\t\t\t\t<\/div>\n\t\t\t\t<\/div>\n\t\t\t\t<\/div>\n\t\t","protected":false},"excerpt":{"rendered":"<p>Naturarantz Bienestar animal con productos de calidad Sobre nosotros En Naturarantz nos apasionan los animales y creemos que merecen lo mejor. Desde Barakaldo trabajamos para ofrecerte alimentaci\u00f3n de calidad, complementos \u00fatiles y servicios de cuidado para que tu compa\u00f1ero peludo viva feliz y sano. Nuestro objetivo es ser tu tienda de confianza, donde siempre encuentres [&hellip;]<\/p>\n","protected":false},"author":1,"featured_media":0,"parent":0,"menu_order":0,"comment_status":"closed","ping_status":"closed","template":"elementor_canvas","meta":{"footnotes":""},"class_list":["post-2","page","type-page","status-publish","hentry"],"yoast_head":"<!-- This site is optimized with the Yoast SEO plugin v27.3 - https:\/\/yoast.com\/product\/yoast-seo-wordpress\/ -->\n<title>Inicio - Naturarantz<\/title>\n<meta name=\"robots\" content=\"index, follow, max-snippet:-1, max-image-preview:large, max-video-preview:-1\" \/>\n<link rel=\"canonical\" href=\"https:\/\/naturarantz.com\/eu\/\" \/>\n<meta property=\"og:locale\" content=\"en_US\" \/>\n<meta property=\"og:type\" content=\"article\" \/>\n<meta property=\"og:title\" content=\"Inicio - Naturarantz\" \/>\n<meta property=\"og:description\" content=\"Naturarantz Bienestar animal con productos de calidad Sobre nosotros En Naturarantz nos apasionan los animales y creemos que merecen lo mejor. Desde Barakaldo trabajamos para ofrecerte alimentaci\u00f3n de calidad, complementos \u00fatiles y servicios de cuidado para que tu compa\u00f1ero peludo viva feliz y sano. Nuestro objetivo es ser tu tienda de confianza, donde siempre encuentres [&hellip;]\" \/>\n<meta property=\"og:url\" content=\"https:\/\/naturarantz.com\/eu\/\" \/>\n<meta property=\"og:site_name\" content=\"Naturarantz\" \/>\n<meta property=\"article:modified_time\" content=\"2025-08-21T08:35:57+00:00\" \/>\n<meta property=\"og:image\" content=\"https:\/\/naturarantz.com\/wp-content\/uploads\/2025\/08\/7157.jpg\" \/>\n\t<meta property=\"og:image:width\" content=\"1500\" \/>\n\t<meta property=\"og:image:height\" content=\"1125\" \/>\n\t<meta property=\"og:image:type\" content=\"image\/jpeg\" \/>\n<meta name=\"twitter:card\" content=\"summary_large_image\" \/>\n<meta name=\"twitter:label1\" content=\"Est. reading time\" \/>\n\t<meta name=\"twitter:data1\" content=\"1 minutua\" \/>\n<script type=\"application\/ld+json\" class=\"yoast-schema-graph\">{\"@context\":\"https:\\\/\\\/schema.org\",\"@graph\":[{\"@type\":\"WebPage\",\"@id\":\"https:\\\/\\\/naturarantz.com\\\/\",\"url\":\"https:\\\/\\\/naturarantz.com\\\/\",\"name\":\"Inicio - Naturarantz\",\"isPartOf\":{\"@id\":\"https:\\\/\\\/naturarantz.com\\\/#website\"},\"primaryImageOfPage\":{\"@id\":\"https:\\\/\\\/naturarantz.com\\\/#primaryimage\"},\"image\":{\"@id\":\"https:\\\/\\\/naturarantz.com\\\/#primaryimage\"},\"thumbnailUrl\":\"https:\\\/\\\/naturarantz.com\\\/wp-content\\\/uploads\\\/2025\\\/08\\\/7157.jpg\",\"datePublished\":\"2025-08-18T09:18:40+00:00\",\"dateModified\":\"2025-08-21T08:35:57+00:00\",\"breadcrumb\":{\"@id\":\"https:\\\/\\\/naturarantz.com\\\/#breadcrumb\"},\"inLanguage\":\"eu\",\"potentialAction\":[{\"@type\":\"ReadAction\",\"target\":[\"https:\\\/\\\/naturarantz.com\\\/\"]}]},{\"@type\":\"ImageObject\",\"inLanguage\":\"eu\",\"@id\":\"https:\\\/\\\/naturarantz.com\\\/#primaryimage\",\"url\":\"https:\\\/\\\/naturarantz.com\\\/wp-content\\\/uploads\\\/2025\\\/08\\\/7157.jpg\",\"contentUrl\":\"https:\\\/\\\/naturarantz.com\\\/wp-content\\\/uploads\\\/2025\\\/08\\\/7157.jpg\"},{\"@type\":\"BreadcrumbList\",\"@id\":\"https:\\\/\\\/naturarantz.com\\\/#breadcrumb\",\"itemListElement\":[{\"@type\":\"ListItem\",\"position\":1,\"name\":\"Portada\",\"item\":\"https:\\\/\\\/naturarantz.com\\\/\"},{\"@type\":\"ListItem\",\"position\":2,\"name\":\"Inicio\"}]},{\"@type\":\"WebSite\",\"@id\":\"https:\\\/\\\/naturarantz.com\\\/#website\",\"url\":\"https:\\\/\\\/naturarantz.com\\\/\",\"name\":\"Naturarantz\",\"description\":\"Alimentaci\u00f3n y complementos para mascotas\",\"publisher\":{\"@id\":\"https:\\\/\\\/naturarantz.com\\\/#organization\"},\"potentialAction\":[{\"@type\":\"SearchAction\",\"target\":{\"@type\":\"EntryPoint\",\"urlTemplate\":\"https:\\\/\\\/naturarantz.com\\\/?s={search_term_string}\"},\"query-input\":{\"@type\":\"PropertyValueSpecification\",\"valueRequired\":true,\"valueName\":\"search_term_string\"}}],\"inLanguage\":\"eu\"},{\"@type\":\"Organization\",\"@id\":\"https:\\\/\\\/naturarantz.com\\\/#organization\",\"name\":\"Naturarantz\",\"url\":\"https:\\\/\\\/naturarantz.com\\\/\",\"logo\":{\"@type\":\"ImageObject\",\"inLanguage\":\"eu\",\"@id\":\"https:\\\/\\\/naturarantz.com\\\/#\\\/schema\\\/logo\\\/image\\\/\",\"url\":\"https:\\\/\\\/naturarantz.com\\\/wp-content\\\/uploads\\\/2025\\\/08\\\/cropped-logo-sin-fondo.png\",\"contentUrl\":\"https:\\\/\\\/naturarantz.com\\\/wp-content\\\/uploads\\\/2025\\\/08\\\/cropped-logo-sin-fondo.png\",\"width\":875,\"height\":723,\"caption\":\"Naturarantz\"},\"image\":{\"@id\":\"https:\\\/\\\/naturarantz.com\\\/#\\\/schema\\\/logo\\\/image\\\/\"}}]}<\/script>\n<!-- \/ Yoast SEO plugin. -->","yoast_head_json":{"title":"Inicio - Naturarantz","robots":{"index":"index","follow":"follow","max-snippet":"max-snippet:-1","max-image-preview":"max-image-preview:large","max-video-preview":"max-video-preview:-1"},"canonical":"https:\/\/naturarantz.com\/eu\/","og_locale":"en_US","og_type":"article","og_title":"Inicio - Naturarantz","og_description":"Naturarantz Bienestar animal con productos de calidad Sobre nosotros En Naturarantz nos apasionan los animales y creemos que merecen lo mejor. Desde Barakaldo trabajamos para ofrecerte alimentaci\u00f3n de calidad, complementos \u00fatiles y servicios de cuidado para que tu compa\u00f1ero peludo viva feliz y sano. Nuestro objetivo es ser tu tienda de confianza, donde siempre encuentres [&hellip;]","og_url":"https:\/\/naturarantz.com\/eu\/","og_site_name":"Naturarantz","article_modified_time":"2025-08-21T08:35:57+00:00","og_image":[{"width":1500,"height":1125,"url":"https:\/\/naturarantz.com\/wp-content\/uploads\/2025\/08\/7157.jpg","type":"image\/jpeg"}],"twitter_card":"summary_large_image","twitter_misc":{"Est. reading time":"1 minutua"},"schema":{"@context":"https:\/\/schema.org","@graph":[{"@type":"WebPage","@id":"https:\/\/naturarantz.com\/","url":"https:\/\/naturarantz.com\/","name":"Inicio - Naturarantz","isPartOf":{"@id":"https:\/\/naturarantz.com\/#website"},"primaryImageOfPage":{"@id":"https:\/\/naturarantz.com\/#primaryimage"},"image":{"@id":"https:\/\/naturarantz.com\/#primaryimage"},"thumbnailUrl":"https:\/\/naturarantz.com\/wp-content\/uploads\/2025\/08\/7157.jpg","datePublished":"2025-08-18T09:18:40+00:00","dateModified":"2025-08-21T08:35:57+00:00","breadcrumb":{"@id":"https:\/\/naturarantz.com\/#breadcrumb"},"inLanguage":"eu","potentialAction":[{"@type":"ReadAction","target":["https:\/\/naturarantz.com\/"]}]},{"@type":"ImageObject","inLanguage":"eu","@id":"https:\/\/naturarantz.com\/#primaryimage","url":"https:\/\/naturarantz.com\/wp-content\/uploads\/2025\/08\/7157.jpg","contentUrl":"https:\/\/naturarantz.com\/wp-content\/uploads\/2025\/08\/7157.jpg"},{"@type":"BreadcrumbList","@id":"https:\/\/naturarantz.com\/#breadcrumb","itemListElement":[{"@type":"ListItem","position":1,"name":"Portada","item":"https:\/\/naturarantz.com\/"},{"@type":"ListItem","position":2,"name":"Inicio"}]},{"@type":"WebSite","@id":"https:\/\/naturarantz.com\/#website","url":"https:\/\/naturarantz.com\/","name":"Naturarantz","description":"Alimentaci\u00f3n y complementos para mascotas","publisher":{"@id":"https:\/\/naturarantz.com\/#organization"},"potentialAction":[{"@type":"SearchAction","target":{"@type":"EntryPoint","urlTemplate":"https:\/\/naturarantz.com\/?s={search_term_string}"},"query-input":{"@type":"PropertyValueSpecification","valueRequired":true,"valueName":"search_term_string"}}],"inLanguage":"eu"},{"@type":"Organization","@id":"https:\/\/naturarantz.com\/#organization","name":"Naturarantz","url":"https:\/\/naturarantz.com\/","logo":{"@type":"ImageObject","inLanguage":"eu","@id":"https:\/\/naturarantz.com\/#\/schema\/logo\/image\/","url":"https:\/\/naturarantz.com\/wp-content\/uploads\/2025\/08\/cropped-logo-sin-fondo.png","contentUrl":"https:\/\/naturarantz.com\/wp-content\/uploads\/2025\/08\/cropped-logo-sin-fondo.png","width":875,"height":723,"caption":"Naturarantz"},"image":{"@id":"https:\/\/naturarantz.com\/#\/schema\/logo\/image\/"}}]}},"_links":{"self":[{"href":"https:\/\/naturarantz.com\/eu\/wp-json\/wp\/v2\/pages\/2","targetHints":{"allow":["GET"]}}],"collection":[{"href":"https:\/\/naturarantz.com\/eu\/wp-json\/wp\/v2\/pages"}],"about":[{"href":"https:\/\/naturarantz.com\/eu\/wp-json\/wp\/v2\/types\/page"}],"author":[{"embeddable":true,"href":"https:\/\/naturarantz.com\/eu\/wp-json\/wp\/v2\/users\/1"}],"replies":[{"embeddable":true,"href":"https:\/\/naturarantz.com\/eu\/wp-json\/wp\/v2\/comments?post=2"}],"version-history":[{"count":58,"href":"https:\/\/naturarantz.com\/eu\/wp-json\/wp\/v2\/pages\/2\/revisions"}],"predecessor-version":[{"id":327,"href":"https:\/\/naturarantz.com\/eu\/wp-json\/wp\/v2\/pages\/2\/revisions\/327"}],"wp:attachment":[{"href":"https:\/\/naturarantz.com\/eu\/wp-json\/wp\/v2\/media?parent=2"}],"curies":[{"name":"wp","href":"https:\/\/api.w.org\/{rel}","templated":true}]}}