{"id":20,"date":"2025-08-18T10:39:00","date_gmt":"2025-08-18T10:39:00","guid":{"rendered":"https:\/\/naturarantz.rkinformatika.online\/?page_id=20"},"modified":"2025-08-21T08:31:52","modified_gmt":"2025-08-21T08:31:52","slug":"productos","status":"publish","type":"page","link":"https:\/\/naturarantz.com\/eu\/productos\/","title":{"rendered":"Produktuak"},"content":{"rendered":"\t\t<div data-elementor-type=\"wp-page\" data-elementor-id=\"20\" class=\"elementor elementor-20\" data-elementor-post-type=\"page\">\n\t\t\t\t\t\t<section class=\"elementor-section elementor-top-section elementor-element elementor-element-4a41124 elementor-section-full_width elementor-section-height-default elementor-section-height-default\" data-id=\"4a41124\" data-element_type=\"section\" data-e-type=\"section\" data-settings=\"{&quot;background_background&quot;:&quot;classic&quot;,&quot;background_motion_fx_motion_fx_scrolling&quot;:&quot;yes&quot;,&quot;background_motion_fx_devices&quot;:[&quot;desktop&quot;,&quot;tablet&quot;,&quot;mobile&quot;]}\">\n\t\t\t\t\t\t\t<div class=\"elementor-background-overlay\"><\/div>\n\t\t\t\t\t\t\t<div class=\"elementor-container elementor-column-gap-default\">\n\t\t\t\t\t<div class=\"elementor-column elementor-col-100 elementor-top-column elementor-element elementor-element-b2b1ae4\" data-id=\"b2b1ae4\" data-element_type=\"column\" data-e-type=\"column\">\n\t\t\t<div class=\"elementor-widget-wrap elementor-element-populated\">\n\t\t\t\t\t\t<div class=\"elementor-element elementor-element-d3595c5 elementor-invisible elementor-widget elementor-widget-heading\" data-id=\"d3595c5\" data-element_type=\"widget\" data-e-type=\"widget\" data-settings=\"{&quot;_animation&quot;:&quot;fadeIn&quot;}\" data-widget_type=\"heading.default\">\n\t\t\t\t\t<h1 class=\"elementor-heading-title elementor-size-default\">Productos<\/h1>\t\t\t\t<\/div>\n\t\t\t\t<section class=\"elementor-section elementor-inner-section elementor-element elementor-element-111fb2e elementor-section-boxed elementor-section-height-default elementor-section-height-default\" data-id=\"111fb2e\" data-element_type=\"section\" data-e-type=\"section\">\n\t\t\t\t\t\t<div class=\"elementor-container elementor-column-gap-default\">\n\t\t\t\t\t<div class=\"elementor-column elementor-col-100 elementor-inner-column elementor-element elementor-element-0f1eb19\" data-id=\"0f1eb19\" data-element_type=\"column\" data-e-type=\"column\">\n\t\t\t<div class=\"elementor-widget-wrap elementor-element-populated\">\n\t\t\t\t\t\t<div class=\"elementor-element elementor-element-23750a7 elementor-invisible elementor-widget elementor-widget-text-editor\" data-id=\"23750a7\" data-element_type=\"widget\" data-e-type=\"widget\" data-settings=\"{&quot;_animation&quot;:&quot;fadeIn&quot;}\" data-widget_type=\"text-editor.default\">\n\t\t\t\t\t\t\t\t\t<p>Cuidado diario para mantenerlos sanos y felices.<\/p>\t\t\t\t\t\t\t\t<\/div>\n\t\t\t\t\t<\/div>\n\t\t<\/div>\n\t\t\t\t\t<\/div>\n\t\t<\/section>\n\t\t\t\t\t<\/div>\n\t\t<\/div>\n\t\t\t\t\t<\/div>\n\t\t<\/section>\n\t\t<div class=\"elementor-element elementor-element-4de581d e-flex e-con-boxed e-con e-parent\" data-id=\"4de581d\" data-element_type=\"container\" data-e-type=\"container\" data-settings=\"{&quot;background_background&quot;:&quot;classic&quot;}\">\n\t\t\t\t\t<div class=\"e-con-inner\">\n\t\t<div class=\"elementor-element elementor-element-2ca0bee e-con-full e-flex elementor-invisible e-con e-child\" data-id=\"2ca0bee\" data-element_type=\"container\" data-e-type=\"container\" data-settings=\"{&quot;animation&quot;:&quot;fadeInLeft&quot;}\">\n\t\t\t\t<div class=\"elementor-element elementor-element-350334a elementor-widget elementor-widget-image\" data-id=\"350334a\" data-element_type=\"widget\" data-e-type=\"widget\" data-widget_type=\"image.default\">\n\t\t\t\t\t\t\t\t\t\t\t\t\t\t\t<img fetchpriority=\"high\" decoding=\"async\" width=\"800\" height=\"534\" src=\"https:\/\/naturarantz.com\/wp-content\/uploads\/2025\/08\/38416-1024x683.jpg\" class=\"attachment-large size-large wp-image-283\" alt=\"\" srcset=\"https:\/\/naturarantz.com\/wp-content\/uploads\/2025\/08\/38416-1024x683.jpg 1024w, https:\/\/naturarantz.com\/wp-content\/uploads\/2025\/08\/38416-300x200.jpg 300w, https:\/\/naturarantz.com\/wp-content\/uploads\/2025\/08\/38416-768x512.jpg 768w, https:\/\/naturarantz.com\/wp-content\/uploads\/2025\/08\/38416-18x12.jpg 18w, https:\/\/naturarantz.com\/wp-content\/uploads\/2025\/08\/38416.jpg 1500w\" sizes=\"(max-width: 800px) 100vw, 800px\" \/>\t\t\t\t\t\t\t\t\t\t\t\t\t\t\t<\/div>\n\t\t\t\t<div class=\"elementor-element elementor-element-e021cff elementor-widget elementor-widget-heading\" data-id=\"e021cff\" data-element_type=\"widget\" data-e-type=\"widget\" data-widget_type=\"heading.default\">\n\t\t\t\t\t<h2 class=\"elementor-heading-title elementor-size-default\">Alimentaci\u00f3n<\/h2>\t\t\t\t<\/div>\n\t\t\t\t<div class=\"elementor-element elementor-element-a68526e elementor-widget elementor-widget-text-editor\" data-id=\"a68526e\" data-element_type=\"widget\" data-e-type=\"widget\" data-widget_type=\"text-editor.default\">\n\t\t\t\t\t\t\t\t\t<ul><li data-start=\"276\" data-end=\"331\"><p data-start=\"278\" data-end=\"331\">Piensos de alta calidad (todas las razas y edades).<\/p><\/li><li data-start=\"334\" data-end=\"362\"><p data-start=\"336\" data-end=\"362\">Comida h\u00fameda y natural.<\/p><\/li><li data-start=\"365\" data-end=\"434\"><p data-start=\"367\" data-end=\"434\">Dietas espec\u00edficas: light, hipoalerg\u00e9nica, digestiva, renal, etc.<\/p><\/li><li data-start=\"437\" data-end=\"468\"><p data-start=\"439\" data-end=\"468\">Snacks y premios naturales.<\/p><\/li><\/ul>\t\t\t\t\t\t\t\t<\/div>\n\t\t\t\t<\/div>\n\t\t<div class=\"elementor-element elementor-element-d6230b2 e-con-full e-flex elementor-invisible e-con e-child\" data-id=\"d6230b2\" data-element_type=\"container\" data-e-type=\"container\" data-settings=\"{&quot;animation&quot;:&quot;fadeInRight&quot;}\">\n\t\t\t\t<div class=\"elementor-element elementor-element-270beaa elementor-widget elementor-widget-image\" data-id=\"270beaa\" data-element_type=\"widget\" data-e-type=\"widget\" data-widget_type=\"image.default\">\n\t\t\t\t\t\t\t\t\t\t\t\t\t\t\t<img decoding=\"async\" width=\"800\" height=\"534\" src=\"https:\/\/naturarantz.com\/wp-content\/uploads\/2025\/08\/2148949589-1024x683.jpg\" class=\"attachment-large size-large wp-image-285\" alt=\"\" srcset=\"https:\/\/naturarantz.com\/wp-content\/uploads\/2025\/08\/2148949589-1024x683.jpg 1024w, https:\/\/naturarantz.com\/wp-content\/uploads\/2025\/08\/2148949589-300x200.jpg 300w, https:\/\/naturarantz.com\/wp-content\/uploads\/2025\/08\/2148949589-768x513.jpg 768w, https:\/\/naturarantz.com\/wp-content\/uploads\/2025\/08\/2148949589-18x12.jpg 18w, https:\/\/naturarantz.com\/wp-content\/uploads\/2025\/08\/2148949589.jpg 1500w\" sizes=\"(max-width: 800px) 100vw, 800px\" \/>\t\t\t\t\t\t\t\t\t\t\t\t\t\t\t<\/div>\n\t\t\t\t<div class=\"elementor-element elementor-element-89fd5ef elementor-widget elementor-widget-heading\" data-id=\"89fd5ef\" data-element_type=\"widget\" data-e-type=\"widget\" data-widget_type=\"heading.default\">\n\t\t\t\t\t<h2 class=\"elementor-heading-title elementor-size-default\">Complementos y accesorios<\/h2>\t\t\t\t<\/div>\n\t\t\t\t<div class=\"elementor-element elementor-element-4b33f1c elementor-widget elementor-widget-text-editor\" data-id=\"4b33f1c\" data-element_type=\"widget\" data-e-type=\"widget\" data-widget_type=\"text-editor.default\">\n\t\t\t\t\t\t\t\t\t<ul><li data-start=\"737\" data-end=\"821\"><p data-start=\"739\" data-end=\"821\">Descanso y confort: camas, mantas, rascadores, jaulas, terrarios y acuarios.<\/p><\/li><li data-start=\"822\" data-end=\"913\"><p data-start=\"824\" data-end=\"913\">Paseo y seguridad: collares, correas, arneses, transportines, bebederos port\u00e1tiles.<\/p><\/li><li data-start=\"914\" data-end=\"985\"><p data-start=\"916\" data-end=\"985\">Diversi\u00f3n: juguetes interactivos, mordedores, pelotas, t\u00faneles.<\/p><\/li><li data-start=\"986\" data-end=\"1064\"><p data-start=\"988\" data-end=\"1064\">Hogar: comederos autom\u00e1ticos, fuentes de agua, accesorios para jaulas.<\/p><\/li><\/ul>\t\t\t\t\t\t\t\t<\/div>\n\t\t\t\t<\/div>\n\t\t<div class=\"elementor-element elementor-element-9ffff6b e-con-full e-flex e-con e-child\" data-id=\"9ffff6b\" data-element_type=\"container\" data-e-type=\"container\">\n\t\t\t\t<div class=\"elementor-element elementor-element-3f92b5d elementor-widget elementor-widget-image\" data-id=\"3f92b5d\" data-element_type=\"widget\" data-e-type=\"widget\" data-widget_type=\"image.default\">\n\t\t\t\t\t\t\t\t\t\t\t\t\t\t\t<img decoding=\"async\" width=\"800\" height=\"534\" src=\"https:\/\/naturarantz.com\/wp-content\/uploads\/2025\/08\/30699452-1024x683.jpg\" class=\"attachment-large size-large wp-image-289\" alt=\"\" srcset=\"https:\/\/naturarantz.com\/wp-content\/uploads\/2025\/08\/30699452-1024x683.jpg 1024w, https:\/\/naturarantz.com\/wp-content\/uploads\/2025\/08\/30699452-300x200.jpg 300w, https:\/\/naturarantz.com\/wp-content\/uploads\/2025\/08\/30699452-768x512.jpg 768w, https:\/\/naturarantz.com\/wp-content\/uploads\/2025\/08\/30699452-18x12.jpg 18w, https:\/\/naturarantz.com\/wp-content\/uploads\/2025\/08\/30699452.jpg 1500w\" sizes=\"(max-width: 800px) 100vw, 800px\" \/>\t\t\t\t\t\t\t\t\t\t\t\t\t\t\t<\/div>\n\t\t\t\t<div class=\"elementor-element elementor-element-e83d309 elementor-widget elementor-widget-heading\" data-id=\"e83d309\" data-element_type=\"widget\" data-e-type=\"widget\" data-widget_type=\"heading.default\">\n\t\t\t\t\t<h2 class=\"elementor-heading-title elementor-size-default\">Higiene y salud<\/h2>\t\t\t\t<\/div>\n\t\t\t\t<div class=\"elementor-element elementor-element-662dd96 elementor-widget elementor-widget-text-editor\" data-id=\"662dd96\" data-element_type=\"widget\" data-e-type=\"widget\" data-widget_type=\"text-editor.default\">\n\t\t\t\t\t\t\t\t\t<ul><li data-start=\"1094\" data-end=\"1162\"><p data-start=\"1096\" data-end=\"1162\">Antiparasitarios sin receta: pipetas, collares, comprimidos.<\/p><\/li><li data-start=\"1163\" data-end=\"1254\"><p data-start=\"1165\" data-end=\"1254\">Higiene diaria: champ\u00fas, colonias, limpiadores de orejas y ojos, cepillos y peines.<\/p><\/li><li data-start=\"1255\" data-end=\"1311\"><p data-start=\"1257\" data-end=\"1311\">Cuidado dental: snacks y kits de limpieza bucal.<\/p><\/li><li data-start=\"1312\" data-end=\"1396\"><p data-start=\"1314\" data-end=\"1396\">Complementos nutricionales: vitaminas, suplementos articulares, probi\u00f3ticos.<\/p><\/li><\/ul>\t\t\t\t\t\t\t\t<\/div>\n\t\t\t\t<\/div>\n\t\t<div class=\"elementor-element elementor-element-20e0b95 e-con-full e-flex e-con e-child\" data-id=\"20e0b95\" data-element_type=\"container\" data-e-type=\"container\">\n\t\t\t\t<div class=\"elementor-element elementor-element-4f29a01 elementor-widget elementor-widget-image\" data-id=\"4f29a01\" data-element_type=\"widget\" data-e-type=\"widget\" data-widget_type=\"image.default\">\n\t\t\t\t\t\t\t\t\t\t\t\t\t\t\t<img loading=\"lazy\" decoding=\"async\" width=\"800\" height=\"534\" src=\"https:\/\/naturarantz.com\/wp-content\/uploads\/2025\/08\/7800085-1024x683.jpg\" class=\"attachment-large size-large wp-image-294\" alt=\"\" srcset=\"https:\/\/naturarantz.com\/wp-content\/uploads\/2025\/08\/7800085-1024x683.jpg 1024w, https:\/\/naturarantz.com\/wp-content\/uploads\/2025\/08\/7800085-300x200.jpg 300w, https:\/\/naturarantz.com\/wp-content\/uploads\/2025\/08\/7800085-768x512.jpg 768w, https:\/\/naturarantz.com\/wp-content\/uploads\/2025\/08\/7800085-18x12.jpg 18w, https:\/\/naturarantz.com\/wp-content\/uploads\/2025\/08\/7800085.jpg 1500w\" sizes=\"(max-width: 800px) 100vw, 800px\" \/>\t\t\t\t\t\t\t\t\t\t\t\t\t\t\t<\/div>\n\t\t\t\t<div class=\"elementor-element elementor-element-62c2401 elementor-widget elementor-widget-heading\" data-id=\"62c2401\" data-element_type=\"widget\" data-e-type=\"widget\" data-widget_type=\"heading.default\">\n\t\t\t\t\t<h2 class=\"elementor-heading-title elementor-size-default\">Servicios<\/h2>\t\t\t\t<\/div>\n\t\t\t\t<div class=\"elementor-element elementor-element-3cf4ca2 elementor-widget elementor-widget-text-editor\" data-id=\"3cf4ca2\" data-element_type=\"widget\" data-e-type=\"widget\" data-widget_type=\"text-editor.default\">\n\t\t\t\t\t\t\t\t\t<ul><li data-start=\"1425\" data-end=\"1557\"><p data-start=\"1427\" data-end=\"1557\">Asesoramiento personalizado: recomendaciones de alimentaci\u00f3n y cuidados seg\u00fan la edad, tama\u00f1o y necesidades de cada mascota.<\/p><\/li><li data-start=\"1558\" data-end=\"1651\"><p data-start=\"1560\" data-end=\"1651\">Atenci\u00f3n cercana: trato familiar, pensado para due\u00f1os que buscan confianza y calidad.<\/p><\/li><li data-start=\"1652\" data-end=\"1729\"><p data-start=\"1654\" data-end=\"1729\">Encargos especiales: si no tenemos lo que buscas, lo pedimos para ti.<\/p><\/li><\/ul>\t\t\t\t\t\t\t\t<\/div>\n\t\t\t\t<\/div>\n\t\t\t\t\t<\/div>\n\t\t\t\t<\/div>\n\t\t\t\t<section class=\"elementor-section elementor-top-section elementor-element elementor-element-c01155e elementor-section-boxed elementor-section-height-default elementor-section-height-default\" data-id=\"c01155e\" data-element_type=\"section\" data-e-type=\"section\" data-settings=\"{&quot;background_background&quot;:&quot;classic&quot;}\">\n\t\t\t\t\t\t\t<div class=\"elementor-background-overlay\"><\/div>\n\t\t\t\t\t\t\t<div class=\"elementor-container elementor-column-gap-no\">\n\t\t\t\t\t<div class=\"elementor-column elementor-col-100 elementor-top-column elementor-element elementor-element-f366540\" data-id=\"f366540\" data-element_type=\"column\" data-e-type=\"column\">\n\t\t\t<div class=\"elementor-widget-wrap elementor-element-populated\">\n\t\t\t\t\t\t<section class=\"elementor-section elementor-inner-section elementor-element elementor-element-ee3fc5b elementor-section-full_width elementor-section-height-default elementor-section-height-default\" data-id=\"ee3fc5b\" data-element_type=\"section\" data-e-type=\"section\">\n\t\t\t\t\t\t<div class=\"elementor-container elementor-column-gap-no\">\n\t\t\t\t\t<div class=\"elementor-column elementor-col-100 elementor-inner-column elementor-element elementor-element-594b9a8\" data-id=\"594b9a8\" data-element_type=\"column\" data-e-type=\"column\">\n\t\t\t<div class=\"elementor-widget-wrap elementor-element-populated\">\n\t\t\t\t\t\t<div class=\"elementor-element elementor-element-dccf5b9 elementor-widget elementor-widget-heading\" data-id=\"dccf5b9\" data-element_type=\"widget\" data-e-type=\"widget\" data-widget_type=\"heading.default\">\n\t\t\t\t\t<h2 class=\"elementor-heading-title elementor-size-default\">Estamos aqu\u00ed para ayudarte a cuidar de tu mascota.<\/h2>\t\t\t\t<\/div>\n\t\t\t\t<div class=\"elementor-element elementor-element-8632ad8 elementor-align-center elementor-widget elementor-widget-button\" data-id=\"8632ad8\" data-element_type=\"widget\" data-e-type=\"widget\" data-widget_type=\"button.default\">\n\t\t\t\t\t\t\t\t\t\t<a class=\"elementor-button elementor-button-link elementor-size-sm\" href=\"https:\/\/naturarantz.com\/contacto\/\">\n\t\t\t\t\t\t<span class=\"elementor-button-content-wrapper\">\n\t\t\t\t\t\t\t\t\t<span class=\"elementor-button-text\">Contacto<\/span>\n\t\t\t\t\t<\/span>\n\t\t\t\t\t<\/a>\n\t\t\t\t\t\t\t\t<\/div>\n\t\t\t\t\t<\/div>\n\t\t<\/div>\n\t\t\t\t\t<\/div>\n\t\t<\/section>\n\t\t\t\t\t<\/div>\n\t\t<\/div>\n\t\t\t\t\t<\/div>\n\t\t<\/section>\n\t\t\t\t<\/div>\n\t\t","protected":false},"excerpt":{"rendered":"<p>Productos Cuidado diario para mantenerlos sanos y felices. Alimentaci\u00f3n Piensos de alta calidad (todas las razas y edades). Comida h\u00fameda y natural. Dietas espec\u00edficas: light, hipoalerg\u00e9nica, digestiva, renal, etc. Snacks y premios naturales. Complementos y accesorios Descanso y confort: camas, mantas, rascadores, jaulas, terrarios y acuarios. Paseo y seguridad: collares, correas, arneses, transportines, bebederos port\u00e1tiles. [&hellip;]<\/p>\n","protected":false},"author":1,"featured_media":0,"parent":0,"menu_order":0,"comment_status":"closed","ping_status":"closed","template":"elementor_canvas","meta":{"footnotes":""},"class_list":["post-20","page","type-page","status-publish","hentry"],"yoast_head":"<!-- This site is optimized with the Yoast SEO plugin v27.3 - https:\/\/yoast.com\/product\/yoast-seo-wordpress\/ -->\n<title>Productos - Naturarantz<\/title>\n<meta name=\"robots\" content=\"index, follow, max-snippet:-1, max-image-preview:large, max-video-preview:-1\" \/>\n<link rel=\"canonical\" href=\"https:\/\/naturarantz.com\/eu\/productos\/\" \/>\n<meta property=\"og:locale\" content=\"en_US\" \/>\n<meta property=\"og:type\" content=\"article\" \/>\n<meta property=\"og:title\" content=\"Productos - Naturarantz\" \/>\n<meta property=\"og:description\" content=\"Productos Cuidado diario para mantenerlos sanos y felices. Alimentaci\u00f3n Piensos de alta calidad (todas las razas y edades). Comida h\u00fameda y natural. Dietas espec\u00edficas: light, hipoalerg\u00e9nica, digestiva, renal, etc. Snacks y premios naturales. Complementos y accesorios Descanso y confort: camas, mantas, rascadores, jaulas, terrarios y acuarios. Paseo y seguridad: collares, correas, arneses, transportines, bebederos port\u00e1tiles. [&hellip;]\" \/>\n<meta property=\"og:url\" content=\"https:\/\/naturarantz.com\/eu\/productos\/\" \/>\n<meta property=\"og:site_name\" content=\"Naturarantz\" \/>\n<meta property=\"article:modified_time\" content=\"2025-08-21T08:31:52+00:00\" \/>\n<meta property=\"og:image\" content=\"https:\/\/naturarantz.com\/wp-content\/uploads\/2025\/08\/38416.jpg\" \/>\n\t<meta property=\"og:image:width\" content=\"1500\" \/>\n\t<meta property=\"og:image:height\" content=\"1000\" \/>\n\t<meta property=\"og:image:type\" content=\"image\/jpeg\" \/>\n<meta name=\"twitter:card\" content=\"summary_large_image\" \/>\n<meta name=\"twitter:label1\" content=\"Est. reading time\" \/>\n\t<meta name=\"twitter:data1\" content=\"1 minutua\" \/>\n<script type=\"application\/ld+json\" class=\"yoast-schema-graph\">{\"@context\":\"https:\\\/\\\/schema.org\",\"@graph\":[{\"@type\":\"WebPage\",\"@id\":\"https:\\\/\\\/naturarantz.com\\\/productos\\\/\",\"url\":\"https:\\\/\\\/naturarantz.com\\\/productos\\\/\",\"name\":\"Productos - Naturarantz\",\"isPartOf\":{\"@id\":\"https:\\\/\\\/naturarantz.com\\\/#website\"},\"primaryImageOfPage\":{\"@id\":\"https:\\\/\\\/naturarantz.com\\\/productos\\\/#primaryimage\"},\"image\":{\"@id\":\"https:\\\/\\\/naturarantz.com\\\/productos\\\/#primaryimage\"},\"thumbnailUrl\":\"https:\\\/\\\/naturarantz.com\\\/wp-content\\\/uploads\\\/2025\\\/08\\\/38416-1024x683.jpg\",\"datePublished\":\"2025-08-18T10:39:00+00:00\",\"dateModified\":\"2025-08-21T08:31:52+00:00\",\"breadcrumb\":{\"@id\":\"https:\\\/\\\/naturarantz.com\\\/productos\\\/#breadcrumb\"},\"inLanguage\":\"eu\",\"potentialAction\":[{\"@type\":\"ReadAction\",\"target\":[\"https:\\\/\\\/naturarantz.com\\\/productos\\\/\"]}]},{\"@type\":\"ImageObject\",\"inLanguage\":\"eu\",\"@id\":\"https:\\\/\\\/naturarantz.com\\\/productos\\\/#primaryimage\",\"url\":\"https:\\\/\\\/naturarantz.com\\\/wp-content\\\/uploads\\\/2025\\\/08\\\/38416-1024x683.jpg\",\"contentUrl\":\"https:\\\/\\\/naturarantz.com\\\/wp-content\\\/uploads\\\/2025\\\/08\\\/38416-1024x683.jpg\"},{\"@type\":\"BreadcrumbList\",\"@id\":\"https:\\\/\\\/naturarantz.com\\\/productos\\\/#breadcrumb\",\"itemListElement\":[{\"@type\":\"ListItem\",\"position\":1,\"name\":\"Portada\",\"item\":\"https:\\\/\\\/naturarantz.com\\\/\"},{\"@type\":\"ListItem\",\"position\":2,\"name\":\"Productos\"}]},{\"@type\":\"WebSite\",\"@id\":\"https:\\\/\\\/naturarantz.com\\\/#website\",\"url\":\"https:\\\/\\\/naturarantz.com\\\/\",\"name\":\"Naturarantz\",\"description\":\"Alimentaci\u00f3n y complementos para mascotas\",\"publisher\":{\"@id\":\"https:\\\/\\\/naturarantz.com\\\/#organization\"},\"potentialAction\":[{\"@type\":\"SearchAction\",\"target\":{\"@type\":\"EntryPoint\",\"urlTemplate\":\"https:\\\/\\\/naturarantz.com\\\/?s={search_term_string}\"},\"query-input\":{\"@type\":\"PropertyValueSpecification\",\"valueRequired\":true,\"valueName\":\"search_term_string\"}}],\"inLanguage\":\"eu\"},{\"@type\":\"Organization\",\"@id\":\"https:\\\/\\\/naturarantz.com\\\/#organization\",\"name\":\"Naturarantz\",\"url\":\"https:\\\/\\\/naturarantz.com\\\/\",\"logo\":{\"@type\":\"ImageObject\",\"inLanguage\":\"eu\",\"@id\":\"https:\\\/\\\/naturarantz.com\\\/#\\\/schema\\\/logo\\\/image\\\/\",\"url\":\"https:\\\/\\\/naturarantz.com\\\/wp-content\\\/uploads\\\/2025\\\/08\\\/cropped-logo-sin-fondo.png\",\"contentUrl\":\"https:\\\/\\\/naturarantz.com\\\/wp-content\\\/uploads\\\/2025\\\/08\\\/cropped-logo-sin-fondo.png\",\"width\":875,\"height\":723,\"caption\":\"Naturarantz\"},\"image\":{\"@id\":\"https:\\\/\\\/naturarantz.com\\\/#\\\/schema\\\/logo\\\/image\\\/\"}}]}<\/script>\n<!-- \/ Yoast SEO plugin. -->","yoast_head_json":{"title":"Productos - Naturarantz","robots":{"index":"index","follow":"follow","max-snippet":"max-snippet:-1","max-image-preview":"max-image-preview:large","max-video-preview":"max-video-preview:-1"},"canonical":"https:\/\/naturarantz.com\/eu\/productos\/","og_locale":"en_US","og_type":"article","og_title":"Productos - Naturarantz","og_description":"Productos Cuidado diario para mantenerlos sanos y felices. Alimentaci\u00f3n Piensos de alta calidad (todas las razas y edades). Comida h\u00fameda y natural. Dietas espec\u00edficas: light, hipoalerg\u00e9nica, digestiva, renal, etc. Snacks y premios naturales. Complementos y accesorios Descanso y confort: camas, mantas, rascadores, jaulas, terrarios y acuarios. Paseo y seguridad: collares, correas, arneses, transportines, bebederos port\u00e1tiles. [&hellip;]","og_url":"https:\/\/naturarantz.com\/eu\/productos\/","og_site_name":"Naturarantz","article_modified_time":"2025-08-21T08:31:52+00:00","og_image":[{"width":1500,"height":1000,"url":"https:\/\/naturarantz.com\/wp-content\/uploads\/2025\/08\/38416.jpg","type":"image\/jpeg"}],"twitter_card":"summary_large_image","twitter_misc":{"Est. reading time":"1 minutua"},"schema":{"@context":"https:\/\/schema.org","@graph":[{"@type":"WebPage","@id":"https:\/\/naturarantz.com\/productos\/","url":"https:\/\/naturarantz.com\/productos\/","name":"Productos - Naturarantz","isPartOf":{"@id":"https:\/\/naturarantz.com\/#website"},"primaryImageOfPage":{"@id":"https:\/\/naturarantz.com\/productos\/#primaryimage"},"image":{"@id":"https:\/\/naturarantz.com\/productos\/#primaryimage"},"thumbnailUrl":"https:\/\/naturarantz.com\/wp-content\/uploads\/2025\/08\/38416-1024x683.jpg","datePublished":"2025-08-18T10:39:00+00:00","dateModified":"2025-08-21T08:31:52+00:00","breadcrumb":{"@id":"https:\/\/naturarantz.com\/productos\/#breadcrumb"},"inLanguage":"eu","potentialAction":[{"@type":"ReadAction","target":["https:\/\/naturarantz.com\/productos\/"]}]},{"@type":"ImageObject","inLanguage":"eu","@id":"https:\/\/naturarantz.com\/productos\/#primaryimage","url":"https:\/\/naturarantz.com\/wp-content\/uploads\/2025\/08\/38416-1024x683.jpg","contentUrl":"https:\/\/naturarantz.com\/wp-content\/uploads\/2025\/08\/38416-1024x683.jpg"},{"@type":"BreadcrumbList","@id":"https:\/\/naturarantz.com\/productos\/#breadcrumb","itemListElement":[{"@type":"ListItem","position":1,"name":"Portada","item":"https:\/\/naturarantz.com\/"},{"@type":"ListItem","position":2,"name":"Productos"}]},{"@type":"WebSite","@id":"https:\/\/naturarantz.com\/#website","url":"https:\/\/naturarantz.com\/","name":"Naturarantz","description":"Alimentaci\u00f3n y complementos para mascotas","publisher":{"@id":"https:\/\/naturarantz.com\/#organization"},"potentialAction":[{"@type":"SearchAction","target":{"@type":"EntryPoint","urlTemplate":"https:\/\/naturarantz.com\/?s={search_term_string}"},"query-input":{"@type":"PropertyValueSpecification","valueRequired":true,"valueName":"search_term_string"}}],"inLanguage":"eu"},{"@type":"Organization","@id":"https:\/\/naturarantz.com\/#organization","name":"Naturarantz","url":"https:\/\/naturarantz.com\/","logo":{"@type":"ImageObject","inLanguage":"eu","@id":"https:\/\/naturarantz.com\/#\/schema\/logo\/image\/","url":"https:\/\/naturarantz.com\/wp-content\/uploads\/2025\/08\/cropped-logo-sin-fondo.png","contentUrl":"https:\/\/naturarantz.com\/wp-content\/uploads\/2025\/08\/cropped-logo-sin-fondo.png","width":875,"height":723,"caption":"Naturarantz"},"image":{"@id":"https:\/\/naturarantz.com\/#\/schema\/logo\/image\/"}}]}},"_links":{"self":[{"href":"https:\/\/naturarantz.com\/eu\/wp-json\/wp\/v2\/pages\/20","targetHints":{"allow":["GET"]}}],"collection":[{"href":"https:\/\/naturarantz.com\/eu\/wp-json\/wp\/v2\/pages"}],"about":[{"href":"https:\/\/naturarantz.com\/eu\/wp-json\/wp\/v2\/types\/page"}],"author":[{"embeddable":true,"href":"https:\/\/naturarantz.com\/eu\/wp-json\/wp\/v2\/users\/1"}],"replies":[{"embeddable":true,"href":"https:\/\/naturarantz.com\/eu\/wp-json\/wp\/v2\/comments?post=20"}],"version-history":[{"count":50,"href":"https:\/\/naturarantz.com\/eu\/wp-json\/wp\/v2\/pages\/20\/revisions"}],"predecessor-version":[{"id":312,"href":"https:\/\/naturarantz.com\/eu\/wp-json\/wp\/v2\/pages\/20\/revisions\/312"}],"wp:attachment":[{"href":"https:\/\/naturarantz.com\/eu\/wp-json\/wp\/v2\/media?parent=20"}],"curies":[{"name":"wp","href":"https:\/\/api.w.org\/{rel}","templated":true}]}}